{"id":18310,"date":"2023-12-14T16:37:24","date_gmt":"2023-12-14T16:37:24","guid":{"rendered":"https:\/\/www.theclubpadel.com\/?page_id=18310"},"modified":"2024-09-25T16:57:19","modified_gmt":"2024-09-25T16:57:19","slug":"politica-de-reserves-a-manresa","status":"publish","type":"page","link":"https:\/\/www.theclubpadel.com\/ca\/politica-de-reserves-a-manresa\/","title":{"rendered":"Pol\u00edtica de reserves al Bages"},"content":{"rendered":"\t\t<div data-elementor-type=\"wp-page\" data-elementor-id=\"18310\" class=\"elementor elementor-18310\" data-elementor-post-type=\"page\">\n\t\t\t\t\t\t<section data-particle_enable=\"false\" data-particle-mobile-disabled=\"false\" class=\"elementor-section elementor-top-section elementor-element elementor-element-334ee66 elementor-section-boxed elementor-section-height-default elementor-section-height-default\" data-id=\"334ee66\" data-element_type=\"section\" data-e-type=\"section\" data-settings=\"{&quot;background_background&quot;:&quot;classic&quot;,&quot;shape_divider_bottom&quot;:&quot;pyramids&quot;}\">\n\t\t\t\t\t\t\t<div class=\"elementor-background-overlay\"><\/div>\n\t\t\t\t\t\t<div class=\"elementor-shape elementor-shape-bottom\" aria-hidden=\"true\" data-negative=\"false\">\n\t\t\t<svg xmlns=\"http:\/\/www.w3.org\/2000\/svg\" viewBox=\"0 0 1000 100\" preserveAspectRatio=\"none\">\n\t<path class=\"elementor-shape-fill\" d=\"M761.9,44.1L643.1,27.2L333.8,98L0,3.8V0l1000,0v3.9\"\/>\n<\/svg>\t\t<\/div>\n\t\t\t\t\t<div class=\"elementor-container elementor-column-gap-no\">\n\t\t\t\t\t<div class=\"elementor-column elementor-col-50 elementor-top-column elementor-element elementor-element-58f13f4\" data-id=\"58f13f4\" data-element_type=\"column\" data-e-type=\"column\">\n\t\t\t<div class=\"elementor-widget-wrap elementor-element-populated\">\n\t\t\t\t\t\t<div class=\"elementor-element elementor-element-471ae1e elementor-invisible elementor-widget elementor-widget-heading\" data-id=\"471ae1e\" data-element_type=\"widget\" data-e-type=\"widget\" data-settings=\"{&quot;_animation&quot;:&quot;fadeInUp&quot;}\" data-widget_type=\"heading.default\">\n\t\t\t\t<div class=\"elementor-widget-container\">\n\t\t\t\t\t<h6 class=\"elementor-heading-title elementor-size-default\">THE CLUB PADEL BAGES<\/h6>\t\t\t\t<\/div>\n\t\t\t\t<\/div>\n\t\t\t\t<div class=\"elementor-element elementor-element-6f4a66e elementor-widget-divider--view-line elementor-invisible elementor-widget elementor-widget-divider\" data-id=\"6f4a66e\" data-element_type=\"widget\" data-e-type=\"widget\" data-settings=\"{&quot;_animation&quot;:&quot;fadeInUp&quot;}\" data-widget_type=\"divider.default\">\n\t\t\t\t<div class=\"elementor-widget-container\">\n\t\t\t\t\t\t\t<div class=\"elementor-divider\">\n\t\t\t<span class=\"elementor-divider-separator\">\n\t\t\t\t\t\t<\/span>\n\t\t<\/div>\n\t\t\t\t\t\t<\/div>\n\t\t\t\t<\/div>\n\t\t\t\t<div class=\"elementor-element elementor-element-0cd4584 elementor-widget elementor-widget-spacer\" data-id=\"0cd4584\" data-element_type=\"widget\" data-e-type=\"widget\" data-widget_type=\"spacer.default\">\n\t\t\t\t<div class=\"elementor-widget-container\">\n\t\t\t\t\t\t\t<div class=\"elementor-spacer\">\n\t\t\t<div class=\"elementor-spacer-inner\"><\/div>\n\t\t<\/div>\n\t\t\t\t\t\t<\/div>\n\t\t\t\t<\/div>\n\t\t\t\t<div class=\"elementor-element elementor-element-b619a1a elementor-invisible elementor-widget elementor-widget-heading\" data-id=\"b619a1a\" data-element_type=\"widget\" data-e-type=\"widget\" data-settings=\"{&quot;_animation&quot;:&quot;fadeInUp&quot;}\" data-widget_type=\"heading.default\">\n\t\t\t\t<div class=\"elementor-widget-container\">\n\t\t\t\t\t<h1 class=\"elementor-heading-title elementor-size-default\">Pol\u00edtica de reserves de pistes<\/h1>\t\t\t\t<\/div>\n\t\t\t\t<\/div>\n\t\t\t\t\t<\/div>\n\t\t<\/div>\n\t\t\t\t<div class=\"elementor-column elementor-col-50 elementor-top-column elementor-element elementor-element-b18b0f9\" data-id=\"b18b0f9\" data-element_type=\"column\" data-e-type=\"column\">\n\t\t\t<div class=\"elementor-widget-wrap\">\n\t\t\t\t\t\t\t<\/div>\n\t\t<\/div>\n\t\t\t\t\t<\/div>\n\t\t<\/section>\n\t\t\t\t<section data-particle_enable=\"false\" data-particle-mobile-disabled=\"false\" class=\"elementor-section elementor-top-section elementor-element elementor-element-4c1d3272 elementor-section-boxed elementor-section-height-default elementor-section-height-default\" data-id=\"4c1d3272\" data-element_type=\"section\" data-e-type=\"section\" id=\"pistas\" data-settings=\"{&quot;background_background&quot;:&quot;classic&quot;}\">\n\t\t\t\t\t\t<div class=\"elementor-container elementor-column-gap-no\">\n\t\t\t\t\t<div class=\"elementor-column elementor-col-100 elementor-top-column elementor-element elementor-element-5ac9d445\" data-id=\"5ac9d445\" data-element_type=\"column\" data-e-type=\"column\">\n\t\t\t<div class=\"elementor-widget-wrap elementor-element-populated\">\n\t\t\t\t\t\t<div class=\"elementor-element elementor-element-6918e5cd elementor-invisible elementor-widget elementor-widget-heading\" data-id=\"6918e5cd\" data-element_type=\"widget\" data-e-type=\"widget\" data-settings=\"{&quot;_animation&quot;:&quot;fadeInUp&quot;}\" data-widget_type=\"heading.default\">\n\t\t\t\t<div class=\"elementor-widget-container\">\n\t\t\t\t\t<h3 class=\"elementor-heading-title elementor-size-default\">Punts generals a destacar: <\/h3>\t\t\t\t<\/div>\n\t\t\t\t<\/div>\n\t\t\t\t<div class=\"elementor-element elementor-element-7243490f elementor-invisible elementor-widget elementor-widget-text-editor\" data-id=\"7243490f\" data-element_type=\"widget\" data-e-type=\"widget\" data-settings=\"{&quot;_animation&quot;:&quot;fadeInUp&quot;}\" data-widget_type=\"text-editor.default\">\n\t\t\t\t<div class=\"elementor-widget-container\">\n\t\t\t\t\t\t\t\t\t<ul><li>Cada tipologia de pista t\u00e9 un preu establert total per hora i aquest ser\u00e0 dividit segons el nombre de jugadors i el temps de la reserva. Per tant, fixem la <strong>tarifa total per cada tipus de pista<\/strong> i no per persona. Aix\u00f2 far\u00e0 que el preu per jugador sigui diferent si \u00e9s un 1 contra 1 o 2 contra 2 (1vs1 -&gt; preu total\/2 i 2vs2 -&gt; preu total\/4).<\/li><\/ul><ul><li>Les pistes (tant de tennis com de p\u00e0del) les podran utilitzar <strong>tots els usuaris<\/strong> que vinguin al centre, ja siguin abonats <strong>amb o sense c\u00e0non mensual<\/strong> com <strong>no abonats<\/strong>, per\u00f2 amb diferents tarifes.\u00a0Incorporem l\u2019opci\u00f3 de tenir una <strong>quota fixa de c\u00e0non de raqueta mensual<\/strong> per a aquells abonats que vulguin accedir a les pistes de p\u00e0del o de tennis green set (de terra batuda sempre tindr\u00e0 un c\u00e0non propi, que garanteix el bon estat de la pista). Aquell abonat que no vulgui tenir-ho mensual, podr\u00e0 accedir a les pistes abonant el c\u00e0non del preu d\u2019\u00fas puntual. Quines <strong>difer\u00e8ncies<\/strong> hi ha a nivell pr\u00e0ctic? Els <span style=\"color: #000000;\"><strong><a style=\"color: #000000;\" href=\"https:\/\/www.theclubpadel.com\/ca\/tarifes-manresa-2024\/\"><span style=\"text-decoration: underline;\">preus<\/span><\/a>, el temps de reserva i les rec\u00e0rregues<\/strong><\/span>:<\/li><\/ul><p><span style=\"color: #000000;\"><strong>El temps de reserva:<\/strong><\/span><\/p><ul><li>L\u2019abonat AMB c\u00e0non de raquetes mensual disposa de fins a 7 dies d\u2019antelaci\u00f3 per la realitzaci\u00f3 de la reserva.<\/li><li>L\u2019abonat SENSE c\u00e0non de raquetes mensual disposa de fins a 6 dies d\u2019antelaci\u00f3 per la realitzaci\u00f3 de la reserva.<\/li><li>El NO ABONAT disposa de fins a 4 dies d\u2019antelaci\u00f3 per la realitzaci\u00f3 de la reserva.<\/li><\/ul><p><span style=\"color: #000000;\"><strong>Rec\u00e0rregues de regal en els ingressos al moneder virtual, nom\u00e9s pels abonats<\/strong><\/span><\/p><ul><li>Per cada rec\u00e0rrega de 50\u20ac, se li sumaran 5\u20ac<\/li><li>Per cada rec\u00e0rrega de 100\u20ac, se li sumaran 12\u20ac<\/li><li>Per cada rec\u00e0rrega de 150\u20ac, se li sumaran 20\u20ac.\u00a0<\/li><\/ul><p><span style=\"font-size: 16px;\">Aquests diners s&#8217;utilitzaran per poder abonar els pagaments via el moneder virtual, com s\u00f3n: els c\u00e0nons, la llum, els pots de pilotes, els grips i tot el material que sigui de lloguer.\u00a0<\/span><\/p>\t\t\t\t\t\t\t\t<\/div>\n\t\t\t\t<\/div>\n\t\t\t\t<div class=\"elementor-element elementor-element-a5484bf elementor-invisible elementor-widget elementor-widget-heading\" data-id=\"a5484bf\" data-element_type=\"widget\" data-e-type=\"widget\" data-settings=\"{&quot;_animation&quot;:&quot;fadeInUp&quot;}\" data-widget_type=\"heading.default\">\n\t\t\t\t<div class=\"elementor-widget-container\">\n\t\t\t\t\t<h3 class=\"elementor-heading-title elementor-size-default\">Punts a concretar del funcionament:<\/h3>\t\t\t\t<\/div>\n\t\t\t\t<\/div>\n\t\t\t\t<div class=\"elementor-element elementor-element-baba697 elementor-invisible elementor-widget elementor-widget-text-editor\" data-id=\"baba697\" data-element_type=\"widget\" data-e-type=\"widget\" data-settings=\"{&quot;_animation&quot;:&quot;fadeInUp&quot;}\" data-widget_type=\"text-editor.default\">\n\t\t\t\t<div class=\"elementor-widget-container\">\n\t\t\t\t\t\t\t\t\t<ul><li>Els abonats amb c\u00e0non tindran <strong>prefer\u00e8ncia<\/strong> de reserva sobre abonats sense c\u00e0non i que els usuaris externs. Per\u00f2 aix\u00f2 no inclou selecci\u00f3 de pista preferent ni poder fer fora a cap usuari que estigui disputant un enfrontament dins el seu horari de lloguer.<\/li><li>Un cop realitzada la reserva, recepci\u00f3 es posar\u00e0 en contacte per saber els noms dels jugadors que disputaran el partit. En el cas que la reserva no sigui amb el partit tancat, la reserva es convertir\u00e0 en <strong>\u201cpartida oberta\u201d<\/strong> i es mirar\u00e0 de tancar la partida per diferents canals.<\/li><li>Per poder disputar l\u2019enfrontament, <strong>tots els jugadors han de presentar-se a recepci\u00f3<\/strong> per fer el pagament corresponent i validar els noms anotats a la pista. Sempre \u00e9s recomanable arribar 10 minuts abans per entrar puntuals a la pista.<\/li><li>El temps de reserva de pista podr\u00e0 ser d\u20191h. com de 1h. i 30 minuts. Independentment del nombre de jugadors.<\/li><li>En cap cas ning\u00fa queda exempt de pagar el consum de la llum.<\/li><\/ul>\t\t\t\t\t\t\t\t<\/div>\n\t\t\t\t<\/div>\n\t\t\t\t<div class=\"elementor-element elementor-element-67a87c2 elementor-invisible elementor-widget elementor-widget-text-editor\" data-id=\"67a87c2\" data-element_type=\"widget\" data-e-type=\"widget\" data-settings=\"{&quot;_animation&quot;:&quot;fadeInUp&quot;}\" data-widget_type=\"text-editor.default\">\n\t\t\t\t<div class=\"elementor-widget-container\">\n\t\t\t\t\t\t\t\t\t<p><span style=\"color: #000000;\"><strong>M\u00e8todes de pagament dels c\u00e0nons de pista puntuals<\/strong><\/span><\/p><p>A partir de l&#8217;1 de febrer del 2024, els abonaments de c\u00e0non puntuals es realitzaran <strong>abans d&#8217;entrar a pista<\/strong> i es podran fer de dues maneres:<\/p><ul><li>amb efectiu o targeta en el moment a la recepci\u00f3<\/li><li>amb el moneder virtual<\/li><\/ul><p><span style=\"color: #000000;\"><strong>Amb partits entre abonats i no abonats:<\/strong><\/span><\/p><p>En cas de que un abonat jugui amb usuaris externs, aquests \u00faltims han de fer efectiu el pagament que corresponen com a externs. Si s\u2019utilitzen invitacions, aquestes seran per jugador, no per reserva.<\/p><p><strong>\u00a0<\/strong><\/p><p><span style=\"color: #000000;\"><strong>Anul\u00b7lacions:<\/strong><\/span><\/p><p>La\u00a0 reserva es pot anul\u00b7lar <strong>fins a 24h abans de l\u2019inici d\u2019aquesta<\/strong>. En el cas d\u2019avisar amb menys temps, excepte en casos excepcionals de for\u00e7a major, <strong>l\u2019abonat<\/strong> rebr\u00e0 una amonestaci\u00f3 formal i se li aplicar\u00e0 una restricci\u00f3 de fins a 15 dies per a noves reserves de pista (pot seguir fent \u00fas). En el cas de ser un <strong>abonat sense c\u00e0non mensual<\/strong> o d\u2019un <strong>usuari extern<\/strong>, es cobrar\u00e0 l\u2019import corresponent a la reserva realitzada. I no es podr\u00e0 fer una reserva fins a fer-se el pagament d\u2019aquest import.<\/p>\t\t\t\t\t\t\t\t<\/div>\n\t\t\t\t<\/div>\n\t\t\t\t<div class=\"elementor-element elementor-element-ed8242c elementor-button-info elementor-align-center elementor-invisible elementor-widget elementor-widget-button\" data-id=\"ed8242c\" data-element_type=\"widget\" data-e-type=\"widget\" data-settings=\"{&quot;_animation&quot;:&quot;fadeInUp&quot;}\" data-widget_type=\"button.default\">\n\t\t\t\t<div class=\"elementor-widget-container\">\n\t\t\t\t\t\t\t\t\t<div class=\"elementor-button-wrapper\">\n\t\t\t\t\t<a class=\"elementor-button elementor-button-link elementor-size-sm\" href=\"https:\/\/www.theclubpadel.com\/tarifas-manresa-2024\/\">\n\t\t\t\t\t\t<span class=\"elementor-button-content-wrapper\">\n\t\t\t\t\t\t\t\t\t<span class=\"elementor-button-text\">Consulta les tarifes<\/span>\n\t\t\t\t\t<\/span>\n\t\t\t\t\t<\/a>\n\t\t\t\t<\/div>\n\t\t\t\t\t\t\t\t<\/div>\n\t\t\t\t<\/div>\n\t\t\t\t\t<\/div>\n\t\t<\/div>\n\t\t\t\t\t<\/div>\n\t\t<\/section>\n\t\t\t\t<section data-particle_enable=\"false\" data-particle-mobile-disabled=\"false\" class=\"elementor-section elementor-top-section elementor-element elementor-element-62364e1 elementor-section-boxed elementor-section-height-default elementor-section-height-default\" data-id=\"62364e1\" data-element_type=\"section\" data-e-type=\"section\" data-settings=\"{&quot;background_background&quot;:&quot;classic&quot;,&quot;animation&quot;:&quot;none&quot;,&quot;shape_divider_bottom&quot;:&quot;pyramids&quot;}\">\n\t\t\t\t\t<div class=\"elementor-shape elementor-shape-bottom\" aria-hidden=\"true\" data-negative=\"false\">\n\t\t\t<svg xmlns=\"http:\/\/www.w3.org\/2000\/svg\" viewBox=\"0 0 1000 100\" preserveAspectRatio=\"none\">\n\t<path class=\"elementor-shape-fill\" d=\"M761.9,44.1L643.1,27.2L333.8,98L0,3.8V0l1000,0v3.9\"\/>\n<\/svg>\t\t<\/div>\n\t\t\t\t\t<div class=\"elementor-container elementor-column-gap-no\">\n\t\t\t\t\t<div class=\"elementor-column elementor-col-100 elementor-top-column elementor-element elementor-element-7eac50b\" data-id=\"7eac50b\" data-element_type=\"column\" data-e-type=\"column\">\n\t\t\t<div class=\"elementor-widget-wrap\">\n\t\t\t\t\t\t\t<\/div>\n\t\t<\/div>\n\t\t\t\t\t<\/div>\n\t\t<\/section>\n\t\t\t\t<\/div>\n\t\t","protected":false},"excerpt":{"rendered":"<p>Top Deals Best deals and offers on your favourite SpartaX products Discount 40% Running Shoes Shop Now Discount 30% Packs &amp; Gear Shop Now Discount 50% Training Kits Shop Now Be Home, Be Comfortable! explore Our Products From Home. Buy 1 Get 1 Outdoor Gear Shop Now 50% OFF Camping Tents Shop Now<\/p>\n","protected":false},"author":1,"featured_media":0,"parent":0,"menu_order":0,"comment_status":"closed","ping_status":"closed","template":"","meta":{"site-sidebar-layout":"no-sidebar","site-content-layout":"page-builder","ast-main-header-display":"","ast-hfb-above-header-display":"","ast-hfb-below-header-display":"","ast-hfb-mobile-header-display":"","site-post-title":"disabled","ast-breadcrumbs-content":"disabled","ast-featured-img":"disabled","footer-sml-layout":"","theme-transparent-header-meta":"enabled","adv-header-id-meta":"","stick-header-meta":"","header-above-stick-meta":"","header-main-stick-meta":"","header-below-stick-meta":"","footnotes":""},"class_list":["post-18310","page","type-page","status-publish","hentry"],"yoast_head":"<!-- This site is optimized with the Yoast SEO plugin v27.2 - https:\/\/yoast.com\/product\/yoast-seo-wordpress\/ -->\n<title>Pol\u00edtica de reserves pistes Manresa | THE CLUB<\/title>\n<meta name=\"robots\" content=\"index, follow, max-snippet:-1, max-image-preview:large, max-video-preview:-1\" \/>\n<link rel=\"canonical\" href=\"https:\/\/www.theclubpadel.com\/ca\/politica-de-reserves-a-manresa\/\" \/>\n<meta property=\"og:locale\" content=\"ca_ES\" \/>\n<meta property=\"og:type\" content=\"article\" \/>\n<meta property=\"og:title\" content=\"Pol\u00edtica de reserves pistes Manresa | THE CLUB\" \/>\n<meta property=\"og:description\" content=\"Top Deals Best deals and offers on your favourite SpartaX products Discount 40% Running Shoes Shop Now Discount 30% Packs &amp; Gear Shop Now Discount 50% Training Kits Shop Now Be Home, Be Comfortable! explore Our Products From Home. Buy 1 Get 1 Outdoor Gear Shop Now 50% OFF Camping Tents Shop Now\" \/>\n<meta property=\"og:url\" content=\"https:\/\/www.theclubpadel.com\/ca\/politica-de-reserves-a-manresa\/\" \/>\n<meta property=\"og:site_name\" content=\"The Club Padel\" \/>\n<meta property=\"article:modified_time\" content=\"2024-09-25T16:57:19+00:00\" \/>\n<meta name=\"twitter:card\" content=\"summary_large_image\" \/>\n<meta name=\"twitter:label1\" content=\"Temps estimat de lectura\" \/>\n\t<meta name=\"twitter:data1\" content=\"4 minuts\" \/>\n<script type=\"application\/ld+json\" class=\"yoast-schema-graph\">{\"@context\":\"https:\/\/schema.org\",\"@graph\":[{\"@type\":\"WebPage\",\"@id\":\"https:\/\/www.theclubpadel.com\/ca\/politica-de-reserves-a-manresa\/\",\"url\":\"https:\/\/www.theclubpadel.com\/ca\/politica-de-reserves-a-manresa\/\",\"name\":\"Pol\u00edtica de reserves pistes Manresa | THE CLUB\",\"isPartOf\":{\"@id\":\"https:\/\/www.theclubpadel.com\/#website\"},\"datePublished\":\"2023-12-14T16:37:24+00:00\",\"dateModified\":\"2024-09-25T16:57:19+00:00\",\"breadcrumb\":{\"@id\":\"https:\/\/www.theclubpadel.com\/ca\/politica-de-reserves-a-manresa\/#breadcrumb\"},\"inLanguage\":\"ca\",\"potentialAction\":[{\"@type\":\"ReadAction\",\"target\":[\"https:\/\/www.theclubpadel.com\/ca\/politica-de-reserves-a-manresa\/\"]}]},{\"@type\":\"BreadcrumbList\",\"@id\":\"https:\/\/www.theclubpadel.com\/ca\/politica-de-reserves-a-manresa\/#breadcrumb\",\"itemListElement\":[{\"@type\":\"ListItem\",\"position\":1,\"name\":\"Home\",\"item\":\"https:\/\/www.theclubpadel.com\/ca\/\"},{\"@type\":\"ListItem\",\"position\":2,\"name\":\"Pol\u00edtica de reserves al Bages\"}]},{\"@type\":\"WebSite\",\"@id\":\"https:\/\/www.theclubpadel.com\/#website\",\"url\":\"https:\/\/www.theclubpadel.com\/\",\"name\":\"The Club Padel\",\"description\":\"The Club Wordpress site\",\"publisher\":{\"@id\":\"https:\/\/www.theclubpadel.com\/#organization\"},\"potentialAction\":[{\"@type\":\"SearchAction\",\"target\":{\"@type\":\"EntryPoint\",\"urlTemplate\":\"https:\/\/www.theclubpadel.com\/?s={search_term_string}\"},\"query-input\":{\"@type\":\"PropertyValueSpecification\",\"valueRequired\":true,\"valueName\":\"search_term_string\"}}],\"inLanguage\":\"ca\"},{\"@type\":\"Organization\",\"@id\":\"https:\/\/www.theclubpadel.com\/#organization\",\"name\":\"The Club Padel\",\"url\":\"https:\/\/www.theclubpadel.com\/\",\"logo\":{\"@type\":\"ImageObject\",\"inLanguage\":\"ca\",\"@id\":\"https:\/\/www.theclubpadel.com\/#\/schema\/logo\/image\/\",\"url\":\"https:\/\/www.theclubpadel.com\/wp-content\/uploads\/2023\/06\/cropped-logo-theclubpadel-v2.png\",\"contentUrl\":\"https:\/\/www.theclubpadel.com\/wp-content\/uploads\/2023\/06\/cropped-logo-theclubpadel-v2.png\",\"width\":1019,\"height\":1102,\"caption\":\"The Club Padel\"},\"image\":{\"@id\":\"https:\/\/www.theclubpadel.com\/#\/schema\/logo\/image\/\"}}]}<\/script>\n<!-- \/ Yoast SEO plugin. -->","yoast_head_json":{"title":"Pol\u00edtica de reserves pistes Manresa | THE CLUB","robots":{"index":"index","follow":"follow","max-snippet":"max-snippet:-1","max-image-preview":"max-image-preview:large","max-video-preview":"max-video-preview:-1"},"canonical":"https:\/\/www.theclubpadel.com\/ca\/politica-de-reserves-a-manresa\/","og_locale":"ca_ES","og_type":"article","og_title":"Pol\u00edtica de reserves pistes Manresa | THE CLUB","og_description":"Top Deals Best deals and offers on your favourite SpartaX products Discount 40% Running Shoes Shop Now Discount 30% Packs &amp; Gear Shop Now Discount 50% Training Kits Shop Now Be Home, Be Comfortable! explore Our Products From Home. Buy 1 Get 1 Outdoor Gear Shop Now 50% OFF Camping Tents Shop Now","og_url":"https:\/\/www.theclubpadel.com\/ca\/politica-de-reserves-a-manresa\/","og_site_name":"The Club Padel","article_modified_time":"2024-09-25T16:57:19+00:00","twitter_card":"summary_large_image","twitter_misc":{"Temps estimat de lectura":"4 minuts"},"schema":{"@context":"https:\/\/schema.org","@graph":[{"@type":"WebPage","@id":"https:\/\/www.theclubpadel.com\/ca\/politica-de-reserves-a-manresa\/","url":"https:\/\/www.theclubpadel.com\/ca\/politica-de-reserves-a-manresa\/","name":"Pol\u00edtica de reserves pistes Manresa | THE CLUB","isPartOf":{"@id":"https:\/\/www.theclubpadel.com\/#website"},"datePublished":"2023-12-14T16:37:24+00:00","dateModified":"2024-09-25T16:57:19+00:00","breadcrumb":{"@id":"https:\/\/www.theclubpadel.com\/ca\/politica-de-reserves-a-manresa\/#breadcrumb"},"inLanguage":"ca","potentialAction":[{"@type":"ReadAction","target":["https:\/\/www.theclubpadel.com\/ca\/politica-de-reserves-a-manresa\/"]}]},{"@type":"BreadcrumbList","@id":"https:\/\/www.theclubpadel.com\/ca\/politica-de-reserves-a-manresa\/#breadcrumb","itemListElement":[{"@type":"ListItem","position":1,"name":"Home","item":"https:\/\/www.theclubpadel.com\/ca\/"},{"@type":"ListItem","position":2,"name":"Pol\u00edtica de reserves al Bages"}]},{"@type":"WebSite","@id":"https:\/\/www.theclubpadel.com\/#website","url":"https:\/\/www.theclubpadel.com\/","name":"The Club Padel","description":"The Club Wordpress site","publisher":{"@id":"https:\/\/www.theclubpadel.com\/#organization"},"potentialAction":[{"@type":"SearchAction","target":{"@type":"EntryPoint","urlTemplate":"https:\/\/www.theclubpadel.com\/?s={search_term_string}"},"query-input":{"@type":"PropertyValueSpecification","valueRequired":true,"valueName":"search_term_string"}}],"inLanguage":"ca"},{"@type":"Organization","@id":"https:\/\/www.theclubpadel.com\/#organization","name":"The Club Padel","url":"https:\/\/www.theclubpadel.com\/","logo":{"@type":"ImageObject","inLanguage":"ca","@id":"https:\/\/www.theclubpadel.com\/#\/schema\/logo\/image\/","url":"https:\/\/www.theclubpadel.com\/wp-content\/uploads\/2023\/06\/cropped-logo-theclubpadel-v2.png","contentUrl":"https:\/\/www.theclubpadel.com\/wp-content\/uploads\/2023\/06\/cropped-logo-theclubpadel-v2.png","width":1019,"height":1102,"caption":"The Club Padel"},"image":{"@id":"https:\/\/www.theclubpadel.com\/#\/schema\/logo\/image\/"}}]}},"_links":{"self":[{"href":"https:\/\/www.theclubpadel.com\/ca\/wp-json\/wp\/v2\/pages\/18310","targetHints":{"allow":["GET"]}}],"collection":[{"href":"https:\/\/www.theclubpadel.com\/ca\/wp-json\/wp\/v2\/pages"}],"about":[{"href":"https:\/\/www.theclubpadel.com\/ca\/wp-json\/wp\/v2\/types\/page"}],"author":[{"embeddable":true,"href":"https:\/\/www.theclubpadel.com\/ca\/wp-json\/wp\/v2\/users\/1"}],"replies":[{"embeddable":true,"href":"https:\/\/www.theclubpadel.com\/ca\/wp-json\/wp\/v2\/comments?post=18310"}],"version-history":[{"count":0,"href":"https:\/\/www.theclubpadel.com\/ca\/wp-json\/wp\/v2\/pages\/18310\/revisions"}],"wp:attachment":[{"href":"https:\/\/www.theclubpadel.com\/ca\/wp-json\/wp\/v2\/media?parent=18310"}],"curies":[{"name":"wp","href":"https:\/\/api.w.org\/{rel}","templated":true}]}}