{"id":19704,"date":"2024-03-24T23:03:57","date_gmt":"2024-03-24T23:03:57","guid":{"rendered":"https:\/\/www.theclubpadel.com\/tarifes-manresa-2024-2\/"},"modified":"2026-02-24T13:13:36","modified_gmt":"2026-02-24T13:13:36","slug":"tarifes-bages-2026","status":"publish","type":"page","link":"https:\/\/www.theclubpadel.com\/ca\/tarifes-bages-2026\/","title":{"rendered":"Tarifes Bages 2026"},"content":{"rendered":"\t\t<div data-elementor-type=\"wp-page\" data-elementor-id=\"19704\" class=\"elementor elementor-19704\" data-elementor-post-type=\"page\">\n\t\t\t\t\t\t<section data-particle_enable=\"false\" data-particle-mobile-disabled=\"false\" class=\"elementor-section elementor-top-section elementor-element elementor-element-334ee66 elementor-section-boxed elementor-section-height-default elementor-section-height-default\" data-id=\"334ee66\" data-element_type=\"section\" data-e-type=\"section\" data-settings=\"{&quot;background_background&quot;:&quot;classic&quot;,&quot;shape_divider_bottom&quot;:&quot;pyramids&quot;}\">\n\t\t\t\t\t\t\t<div class=\"elementor-background-overlay\"><\/div>\n\t\t\t\t\t\t<div class=\"elementor-shape elementor-shape-bottom\" aria-hidden=\"true\" data-negative=\"false\">\n\t\t\t<svg xmlns=\"http:\/\/www.w3.org\/2000\/svg\" viewBox=\"0 0 1000 100\" preserveAspectRatio=\"none\">\n\t<path class=\"elementor-shape-fill\" d=\"M761.9,44.1L643.1,27.2L333.8,98L0,3.8V0l1000,0v3.9\"\/>\n<\/svg>\t\t<\/div>\n\t\t\t\t\t<div class=\"elementor-container elementor-column-gap-no\">\n\t\t\t\t\t<div class=\"elementor-column elementor-col-100 elementor-top-column elementor-element elementor-element-58f13f4\" data-id=\"58f13f4\" data-element_type=\"column\" data-e-type=\"column\">\n\t\t\t<div class=\"elementor-widget-wrap elementor-element-populated\">\n\t\t\t\t\t\t<div class=\"elementor-element elementor-element-471ae1e elementor-invisible elementor-widget elementor-widget-heading\" data-id=\"471ae1e\" data-element_type=\"widget\" data-e-type=\"widget\" data-settings=\"{&quot;_animation&quot;:&quot;fadeInUp&quot;}\" data-widget_type=\"heading.default\">\n\t\t\t\t<div class=\"elementor-widget-container\">\n\t\t\t\t\t<h6 class=\"elementor-heading-title elementor-size-default\">TARIFES THE CLUB PADEL BAGES<\/h6>\t\t\t\t<\/div>\n\t\t\t\t<\/div>\n\t\t\t\t<div class=\"elementor-element elementor-element-6f4a66e elementor-widget-divider--view-line elementor-invisible elementor-widget elementor-widget-divider\" data-id=\"6f4a66e\" data-element_type=\"widget\" data-e-type=\"widget\" data-settings=\"{&quot;_animation&quot;:&quot;fadeInUp&quot;}\" data-widget_type=\"divider.default\">\n\t\t\t\t<div class=\"elementor-widget-container\">\n\t\t\t\t\t\t\t<div class=\"elementor-divider\">\n\t\t\t<span class=\"elementor-divider-separator\">\n\t\t\t\t\t\t<\/span>\n\t\t<\/div>\n\t\t\t\t\t\t<\/div>\n\t\t\t\t<\/div>\n\t\t\t\t<div class=\"elementor-element elementor-element-0cd4584 elementor-widget elementor-widget-spacer\" data-id=\"0cd4584\" data-element_type=\"widget\" data-e-type=\"widget\" data-widget_type=\"spacer.default\">\n\t\t\t\t<div class=\"elementor-widget-container\">\n\t\t\t\t\t\t\t<div class=\"elementor-spacer\">\n\t\t\t<div class=\"elementor-spacer-inner\"><\/div>\n\t\t<\/div>\n\t\t\t\t\t\t<\/div>\n\t\t\t\t<\/div>\n\t\t\t\t<div class=\"elementor-element elementor-element-b619a1a elementor-invisible elementor-widget elementor-widget-heading\" data-id=\"b619a1a\" data-element_type=\"widget\" data-e-type=\"widget\" data-settings=\"{&quot;_animation&quot;:&quot;fadeInUp&quot;}\" data-widget_type=\"heading.default\">\n\t\t\t\t<div class=\"elementor-widget-container\">\n\t\t\t\t\t<h1 class=\"elementor-heading-title elementor-size-default\">Preus i tarifes dels nostres serveis<\/h1>\t\t\t\t<\/div>\n\t\t\t\t<\/div>\n\t\t\t\t<div class=\"elementor-element elementor-element-07ec5f7 elementor-widget elementor-widget-spacer\" data-id=\"07ec5f7\" data-element_type=\"widget\" data-e-type=\"widget\" data-widget_type=\"spacer.default\">\n\t\t\t\t<div class=\"elementor-widget-container\">\n\t\t\t\t\t\t\t<div class=\"elementor-spacer\">\n\t\t\t<div class=\"elementor-spacer-inner\"><\/div>\n\t\t<\/div>\n\t\t\t\t\t\t<\/div>\n\t\t\t\t<\/div>\n\t\t\t\t<section data-particle_enable=\"false\" data-particle-mobile-disabled=\"false\" class=\"elementor-section elementor-inner-section elementor-element elementor-element-00f276b elementor-section-boxed elementor-section-height-default elementor-section-height-default\" data-id=\"00f276b\" data-element_type=\"section\" data-e-type=\"section\" data-settings=\"{&quot;background_background&quot;:&quot;classic&quot;}\">\n\t\t\t\t\t\t<div class=\"elementor-container elementor-column-gap-default\">\n\t\t\t\t\t<div class=\"elementor-column elementor-col-25 elementor-inner-column elementor-element elementor-element-da6149c bannerTarifasMain\" data-id=\"da6149c\" data-element_type=\"column\" data-e-type=\"column\" data-settings=\"{&quot;background_background&quot;:&quot;classic&quot;}\">\n\t\t\t<div class=\"elementor-widget-wrap elementor-element-populated\">\n\t\t\t\t\t\t<div class=\"elementor-element elementor-element-e2cba8b elementor-widget elementor-widget-heading\" data-id=\"e2cba8b\" data-element_type=\"widget\" data-e-type=\"widget\" data-widget_type=\"heading.default\">\n\t\t\t\t<div class=\"elementor-widget-container\">\n\t\t\t\t\t<p class=\"elementor-heading-title elementor-size-default\"><a href=\"https:\/\/www.theclubpadel.com\/ca\/tarifes-manresa-2024-quotes-abonats\/\">Quotes <br> abonats<\/a><\/p>\t\t\t\t<\/div>\n\t\t\t\t<\/div>\n\t\t\t\t\t<\/div>\n\t\t<\/div>\n\t\t\t\t<div class=\"elementor-column elementor-col-25 elementor-inner-column elementor-element elementor-element-e66665b bannerTarifasMain\" data-id=\"e66665b\" data-element_type=\"column\" data-e-type=\"column\">\n\t\t\t<div class=\"elementor-widget-wrap elementor-element-populated\">\n\t\t\t\t\t\t<div class=\"elementor-element elementor-element-c8ac8a3 elementor-widget elementor-widget-heading\" data-id=\"c8ac8a3\" data-element_type=\"widget\" data-e-type=\"widget\" data-widget_type=\"heading.default\">\n\t\t\t\t<div class=\"elementor-widget-container\">\n\t\t\t\t\t<p class=\"elementor-heading-title elementor-size-default\"><a href=\"https:\/\/www.theclubpadel.com\/ca\/tarifes-manresa-2024-serveis-puntuals\/\">Serveis<br> puntuals<\/a><\/p>\t\t\t\t<\/div>\n\t\t\t\t<\/div>\n\t\t\t\t\t<\/div>\n\t\t<\/div>\n\t\t\t\t<div class=\"elementor-column elementor-col-25 elementor-inner-column elementor-element elementor-element-1bf5702 bannerTarifasMain\" data-id=\"1bf5702\" data-element_type=\"column\" data-e-type=\"column\">\n\t\t\t<div class=\"elementor-widget-wrap elementor-element-populated\">\n\t\t\t\t\t\t<div class=\"elementor-element elementor-element-737fee5 elementor-widget elementor-widget-heading\" data-id=\"737fee5\" data-element_type=\"widget\" data-e-type=\"widget\" data-widget_type=\"heading.default\">\n\t\t\t\t<div class=\"elementor-widget-container\">\n\t\t\t\t\t<p class=\"elementor-heading-title elementor-size-default\"><a href=\"https:\/\/www.theclubpadel.com\/ca\/tarifes-manresa-2024-escola-infantil\">Escola<br> infantil<\/a><\/p>\t\t\t\t<\/div>\n\t\t\t\t<\/div>\n\t\t\t\t\t<\/div>\n\t\t<\/div>\n\t\t\t\t<div class=\"elementor-column elementor-col-25 elementor-inner-column elementor-element elementor-element-dbb3e67 bannerTarifasMain\" data-id=\"dbb3e67\" data-element_type=\"column\" data-e-type=\"column\" data-settings=\"{&quot;background_background&quot;:&quot;classic&quot;}\">\n\t\t\t<div class=\"elementor-widget-wrap elementor-element-populated\">\n\t\t\t\t\t\t<div class=\"elementor-element elementor-element-41159b7 elementor-widget elementor-widget-heading\" data-id=\"41159b7\" data-element_type=\"widget\" data-e-type=\"widget\" data-widget_type=\"heading.default\">\n\t\t\t\t<div class=\"elementor-widget-container\">\n\t\t\t\t\t<p class=\"elementor-heading-title elementor-size-default\"><a href=\"https:\/\/www.theclubpadel.com\/ca\/tarifes-manresa-2024-escola-adults\/\">Escola <br>Adults<\/a><\/p>\t\t\t\t<\/div>\n\t\t\t\t<\/div>\n\t\t\t\t\t<\/div>\n\t\t<\/div>\n\t\t\t\t\t<\/div>\n\t\t<\/section>\n\t\t\t\t\t<\/div>\n\t\t<\/div>\n\t\t\t\t\t<\/div>\n\t\t<\/section>\n\t\t\t\t<section data-particle_enable=\"false\" data-particle-mobile-disabled=\"false\" class=\"elementor-section elementor-top-section elementor-element elementor-element-62364e1 elementor-section-boxed elementor-section-height-default elementor-section-height-default\" data-id=\"62364e1\" data-element_type=\"section\" data-e-type=\"section\" data-settings=\"{&quot;background_background&quot;:&quot;classic&quot;,&quot;animation&quot;:&quot;none&quot;,&quot;shape_divider_bottom&quot;:&quot;pyramids&quot;}\">\n\t\t\t\t\t<div class=\"elementor-shape elementor-shape-bottom\" aria-hidden=\"true\" data-negative=\"false\">\n\t\t\t<svg xmlns=\"http:\/\/www.w3.org\/2000\/svg\" viewBox=\"0 0 1000 100\" preserveAspectRatio=\"none\">\n\t<path class=\"elementor-shape-fill\" d=\"M761.9,44.1L643.1,27.2L333.8,98L0,3.8V0l1000,0v3.9\"\/>\n<\/svg>\t\t<\/div>\n\t\t\t\t\t<div class=\"elementor-container elementor-column-gap-no\">\n\t\t\t\t\t<div class=\"elementor-column elementor-col-100 elementor-top-column elementor-element elementor-element-7eac50b\" data-id=\"7eac50b\" data-element_type=\"column\" data-e-type=\"column\">\n\t\t\t<div class=\"elementor-widget-wrap\">\n\t\t\t\t\t\t\t<\/div>\n\t\t<\/div>\n\t\t\t\t\t<\/div>\n\t\t<\/section>\n\t\t\t\t<\/div>\n\t\t","protected":false},"excerpt":{"rendered":"<p>Top Deals Best deals and offers on your favourite SpartaX products Discount 40% Running Shoes Shop Now Discount 30% Packs &amp; Gear Shop Now Discount 50% Training Kits Shop Now Be Home, Be Comfortable! explore Our Products From Home. Buy 1 Get 1 Outdoor Gear Shop Now 50% OFF Camping Tents Shop Now<\/p>\n","protected":false},"author":1,"featured_media":0,"parent":0,"menu_order":0,"comment_status":"closed","ping_status":"closed","template":"elementor_header_footer","meta":{"site-sidebar-layout":"no-sidebar","site-content-layout":"page-builder","ast-main-header-display":"","ast-hfb-above-header-display":"","ast-hfb-below-header-display":"","ast-hfb-mobile-header-display":"","site-post-title":"disabled","ast-breadcrumbs-content":"disabled","ast-featured-img":"disabled","footer-sml-layout":"","theme-transparent-header-meta":"enabled","adv-header-id-meta":"","stick-header-meta":"","header-above-stick-meta":"","header-main-stick-meta":"","header-below-stick-meta":"","footnotes":""},"class_list":["post-19704","page","type-page","status-publish","hentry"],"yoast_head":"<!-- This site is optimized with the Yoast SEO plugin v27.2 - https:\/\/yoast.com\/product\/yoast-seo-wordpress\/ -->\n<title>Consulta les tarifes de THE CLUB PADEL BAGES | THE CLUB<\/title>\n<meta name=\"description\" content=\"Aqu\u00ed trobar\u00e0s les tarifes de l&#039;escola, el lloguer de pistes i les quotes del club de THE CLUB PADEL Bages. Vine a viure l&#039;exp\u00e8riencia!\" \/>\n<meta name=\"robots\" content=\"index, follow, max-snippet:-1, max-image-preview:large, max-video-preview:-1\" \/>\n<link rel=\"canonical\" href=\"https:\/\/www.theclubpadel.com\/ca\/tarifes-bages-2026\/\" \/>\n<meta property=\"og:locale\" content=\"ca_ES\" \/>\n<meta property=\"og:type\" content=\"article\" \/>\n<meta property=\"og:title\" content=\"Consulta les tarifes de THE CLUB PADEL BAGES | THE CLUB\" \/>\n<meta property=\"og:description\" content=\"Aqu\u00ed trobar\u00e0s les tarifes de l&#039;escola, el lloguer de pistes i les quotes del club de THE CLUB PADEL Bages. Vine a viure l&#039;exp\u00e8riencia!\" \/>\n<meta property=\"og:url\" content=\"https:\/\/www.theclubpadel.com\/ca\/tarifes-bages-2026\/\" \/>\n<meta property=\"og:site_name\" content=\"The Club Padel\" \/>\n<meta property=\"article:modified_time\" content=\"2026-02-24T13:13:36+00:00\" \/>\n<meta name=\"twitter:card\" content=\"summary_large_image\" \/>\n<meta name=\"twitter:label1\" content=\"Temps estimat de lectura\" \/>\n\t<meta name=\"twitter:data1\" content=\"1 minut\" \/>\n<script type=\"application\/ld+json\" class=\"yoast-schema-graph\">{\"@context\":\"https:\/\/schema.org\",\"@graph\":[{\"@type\":\"WebPage\",\"@id\":\"https:\/\/www.theclubpadel.com\/ca\/tarifes-bages-2026\/\",\"url\":\"https:\/\/www.theclubpadel.com\/ca\/tarifes-bages-2026\/\",\"name\":\"Consulta les tarifes de THE CLUB PADEL BAGES | THE CLUB\",\"isPartOf\":{\"@id\":\"https:\/\/www.theclubpadel.com\/#website\"},\"datePublished\":\"2024-03-24T23:03:57+00:00\",\"dateModified\":\"2026-02-24T13:13:36+00:00\",\"description\":\"Aqu\u00ed trobar\u00e0s les tarifes de l'escola, el lloguer de pistes i les quotes del club de THE CLUB PADEL Bages. Vine a viure l'exp\u00e8riencia!\",\"breadcrumb\":{\"@id\":\"https:\/\/www.theclubpadel.com\/ca\/tarifes-bages-2026\/#breadcrumb\"},\"inLanguage\":\"ca\",\"potentialAction\":[{\"@type\":\"ReadAction\",\"target\":[\"https:\/\/www.theclubpadel.com\/ca\/tarifes-bages-2026\/\"]}]},{\"@type\":\"BreadcrumbList\",\"@id\":\"https:\/\/www.theclubpadel.com\/ca\/tarifes-bages-2026\/#breadcrumb\",\"itemListElement\":[{\"@type\":\"ListItem\",\"position\":1,\"name\":\"Home\",\"item\":\"https:\/\/www.theclubpadel.com\/ca\/\"},{\"@type\":\"ListItem\",\"position\":2,\"name\":\"Tarifes Bages 2026\"}]},{\"@type\":\"WebSite\",\"@id\":\"https:\/\/www.theclubpadel.com\/#website\",\"url\":\"https:\/\/www.theclubpadel.com\/\",\"name\":\"The Club Padel\",\"description\":\"The Club Wordpress site\",\"publisher\":{\"@id\":\"https:\/\/www.theclubpadel.com\/#organization\"},\"potentialAction\":[{\"@type\":\"SearchAction\",\"target\":{\"@type\":\"EntryPoint\",\"urlTemplate\":\"https:\/\/www.theclubpadel.com\/?s={search_term_string}\"},\"query-input\":{\"@type\":\"PropertyValueSpecification\",\"valueRequired\":true,\"valueName\":\"search_term_string\"}}],\"inLanguage\":\"ca\"},{\"@type\":\"Organization\",\"@id\":\"https:\/\/www.theclubpadel.com\/#organization\",\"name\":\"The Club Padel\",\"url\":\"https:\/\/www.theclubpadel.com\/\",\"logo\":{\"@type\":\"ImageObject\",\"inLanguage\":\"ca\",\"@id\":\"https:\/\/www.theclubpadel.com\/#\/schema\/logo\/image\/\",\"url\":\"https:\/\/www.theclubpadel.com\/wp-content\/uploads\/2023\/06\/cropped-logo-theclubpadel-v2.png\",\"contentUrl\":\"https:\/\/www.theclubpadel.com\/wp-content\/uploads\/2023\/06\/cropped-logo-theclubpadel-v2.png\",\"width\":1019,\"height\":1102,\"caption\":\"The Club Padel\"},\"image\":{\"@id\":\"https:\/\/www.theclubpadel.com\/#\/schema\/logo\/image\/\"}}]}<\/script>\n<!-- \/ Yoast SEO plugin. -->","yoast_head_json":{"title":"Consulta les tarifes de THE CLUB PADEL BAGES | THE CLUB","description":"Aqu\u00ed trobar\u00e0s les tarifes de l'escola, el lloguer de pistes i les quotes del club de THE CLUB PADEL Bages. Vine a viure l'exp\u00e8riencia!","robots":{"index":"index","follow":"follow","max-snippet":"max-snippet:-1","max-image-preview":"max-image-preview:large","max-video-preview":"max-video-preview:-1"},"canonical":"https:\/\/www.theclubpadel.com\/ca\/tarifes-bages-2026\/","og_locale":"ca_ES","og_type":"article","og_title":"Consulta les tarifes de THE CLUB PADEL BAGES | THE CLUB","og_description":"Aqu\u00ed trobar\u00e0s les tarifes de l'escola, el lloguer de pistes i les quotes del club de THE CLUB PADEL Bages. Vine a viure l'exp\u00e8riencia!","og_url":"https:\/\/www.theclubpadel.com\/ca\/tarifes-bages-2026\/","og_site_name":"The Club Padel","article_modified_time":"2026-02-24T13:13:36+00:00","twitter_card":"summary_large_image","twitter_misc":{"Temps estimat de lectura":"1 minut"},"schema":{"@context":"https:\/\/schema.org","@graph":[{"@type":"WebPage","@id":"https:\/\/www.theclubpadel.com\/ca\/tarifes-bages-2026\/","url":"https:\/\/www.theclubpadel.com\/ca\/tarifes-bages-2026\/","name":"Consulta les tarifes de THE CLUB PADEL BAGES | THE CLUB","isPartOf":{"@id":"https:\/\/www.theclubpadel.com\/#website"},"datePublished":"2024-03-24T23:03:57+00:00","dateModified":"2026-02-24T13:13:36+00:00","description":"Aqu\u00ed trobar\u00e0s les tarifes de l'escola, el lloguer de pistes i les quotes del club de THE CLUB PADEL Bages. Vine a viure l'exp\u00e8riencia!","breadcrumb":{"@id":"https:\/\/www.theclubpadel.com\/ca\/tarifes-bages-2026\/#breadcrumb"},"inLanguage":"ca","potentialAction":[{"@type":"ReadAction","target":["https:\/\/www.theclubpadel.com\/ca\/tarifes-bages-2026\/"]}]},{"@type":"BreadcrumbList","@id":"https:\/\/www.theclubpadel.com\/ca\/tarifes-bages-2026\/#breadcrumb","itemListElement":[{"@type":"ListItem","position":1,"name":"Home","item":"https:\/\/www.theclubpadel.com\/ca\/"},{"@type":"ListItem","position":2,"name":"Tarifes Bages 2026"}]},{"@type":"WebSite","@id":"https:\/\/www.theclubpadel.com\/#website","url":"https:\/\/www.theclubpadel.com\/","name":"The Club Padel","description":"The Club Wordpress site","publisher":{"@id":"https:\/\/www.theclubpadel.com\/#organization"},"potentialAction":[{"@type":"SearchAction","target":{"@type":"EntryPoint","urlTemplate":"https:\/\/www.theclubpadel.com\/?s={search_term_string}"},"query-input":{"@type":"PropertyValueSpecification","valueRequired":true,"valueName":"search_term_string"}}],"inLanguage":"ca"},{"@type":"Organization","@id":"https:\/\/www.theclubpadel.com\/#organization","name":"The Club Padel","url":"https:\/\/www.theclubpadel.com\/","logo":{"@type":"ImageObject","inLanguage":"ca","@id":"https:\/\/www.theclubpadel.com\/#\/schema\/logo\/image\/","url":"https:\/\/www.theclubpadel.com\/wp-content\/uploads\/2023\/06\/cropped-logo-theclubpadel-v2.png","contentUrl":"https:\/\/www.theclubpadel.com\/wp-content\/uploads\/2023\/06\/cropped-logo-theclubpadel-v2.png","width":1019,"height":1102,"caption":"The Club Padel"},"image":{"@id":"https:\/\/www.theclubpadel.com\/#\/schema\/logo\/image\/"}}]}},"_links":{"self":[{"href":"https:\/\/www.theclubpadel.com\/ca\/wp-json\/wp\/v2\/pages\/19704","targetHints":{"allow":["GET"]}}],"collection":[{"href":"https:\/\/www.theclubpadel.com\/ca\/wp-json\/wp\/v2\/pages"}],"about":[{"href":"https:\/\/www.theclubpadel.com\/ca\/wp-json\/wp\/v2\/types\/page"}],"author":[{"embeddable":true,"href":"https:\/\/www.theclubpadel.com\/ca\/wp-json\/wp\/v2\/users\/1"}],"replies":[{"embeddable":true,"href":"https:\/\/www.theclubpadel.com\/ca\/wp-json\/wp\/v2\/comments?post=19704"}],"version-history":[{"count":0,"href":"https:\/\/www.theclubpadel.com\/ca\/wp-json\/wp\/v2\/pages\/19704\/revisions"}],"wp:attachment":[{"href":"https:\/\/www.theclubpadel.com\/ca\/wp-json\/wp\/v2\/media?parent=19704"}],"curies":[{"name":"wp","href":"https:\/\/api.w.org\/{rel}","templated":true}]}}